{"id":13491,"date":"2025-08-06T11:24:42","date_gmt":"2025-08-06T09:24:42","guid":{"rendered":"https:\/\/schaefer-scientific.com\/?post_type=product&#038;p=13491"},"modified":"2025-08-12T14:40:16","modified_gmt":"2025-08-12T12:40:16","slug":"fest-flussig-stm","status":"publish","type":"product","link":"https:\/\/schaefer-scientific.com\/de\/product\/solid-liquid-stm","title":{"rendered":"Fest-Fl\u00fcssig STM"},"content":{"rendered":"<div class=\"wp-block-columns are-vertically-aligned-center block_image-text is-layout-flex wp-container-core-columns-is-layout-28f84493 wp-block-columns-is-layout-flex\">\n<div class=\"wp-block-column is-vertically-aligned-center is-layout-flow wp-block-column-is-layout-flow\">\n<h2 class=\"wp-block-heading\">ATM 300\/350<\/h2>\n\n\n\n<p>Die Beetle-Umgebungssysteme von RHK vereinen hohe Leistung und Erschwinglichkeit f\u00fcr den Einsatz auf dem Labortisch, in der Glovebox oder in Zukunft auch im UHV. Sie sind vollst\u00e4ndig UHV-kompatibel und aufr\u00fcstbar und als dedizierte STM- oder Strahlablenkungs-AFM\/STM-Modelle erh\u00e4ltlich. Ausgestattet mit dem thermisch stabilen Beetle-Scanner f\u00fcr driftfreies Imaging, offenem optischen Zugang, einem praktischen Lexan-Geh\u00e4use und UHV-geeigneten Materialien, werden diese Systeme durch den fortschrittlichen R10-Controller f\u00fcr flexiblen, hochpr\u00e4zisen Betrieb gesteuert.<\/p>\n\n\n\n<p>F\u00fcr weitere Informationen besuchen Sie uns:&nbsp;<a href=\"http:\/\/www.rhk-tech.com\/ambient-spm\/\" target=\"_blank\" rel=\"noreferrer noopener\">http:\/\/www.rhk-tech.com\/ambient-spm\/<\/a><\/p>\n<\/div>\n\n\n\n<div class=\"wp-block-column is-vertically-aligned-center is-layout-flow wp-block-column-is-layout-flow\">\n<figure class=\"wp-block-gallery has-nested-images columns-default is-cropped wp-block-gallery-1 is-layout-flex wp-block-gallery-is-layout-flex\">\n<figure class=\"wp-block-image size-full\"><img fetchpriority=\"high\" decoding=\"async\" width=\"2000\" height=\"2083\" data-id=\"13609\" src=\"https:\/\/schaefer-scientific.com\/wp-content\/uploads\/2025\/08\/Beetle350AFM.webp\" alt=\"\" class=\"wp-image-13609\" srcset=\"https:\/\/schaefer-scientific.com\/wp-content\/uploads\/2025\/08\/Beetle350AFM.webp 2000w, https:\/\/schaefer-scientific.com\/wp-content\/uploads\/2025\/08\/Beetle350AFM-288x300.webp 288w, https:\/\/schaefer-scientific.com\/wp-content\/uploads\/2025\/08\/Beetle350AFM-983x1024.webp 983w, https:\/\/schaefer-scientific.com\/wp-content\/uploads\/2025\/08\/Beetle350AFM-768x800.webp 768w, https:\/\/schaefer-scientific.com\/wp-content\/uploads\/2025\/08\/Beetle350AFM-1475x1536.webp 1475w, https:\/\/schaefer-scientific.com\/wp-content\/uploads\/2025\/08\/Beetle350AFM-1966x2048.webp 1966w\" sizes=\"(max-width: 2000px) 100vw, 2000px\" \/><\/figure>\n<\/figure>\n<\/div>\n<\/div>\n\n\n\n<div class=\"wp-block-columns block_text is-layout-flex wp-container-core-columns-is-layout-28f84493 wp-block-columns-is-layout-flex\">\n<div class=\"wp-block-column is-layout-flow wp-block-column-is-layout-flow\">\n<div class=\"wp-block-columns is-layout-flex wp-container-core-columns-is-layout-28f84493 wp-block-columns-is-layout-flex\">\n<div class=\"wp-block-column is-layout-flow wp-block-column-is-layout-flow\">\n<figure class=\"wp-block-image size-full is-resized\"><img decoding=\"async\" width=\"511\" height=\"511\" src=\"https:\/\/schaefer-scientific.com\/wp-content\/uploads\/2025\/08\/AmbientSTM300-1.webp\" alt=\"\" class=\"wp-image-13690\" style=\"object-fit:contain;width:500px;height:400px\" srcset=\"https:\/\/schaefer-scientific.com\/wp-content\/uploads\/2025\/08\/AmbientSTM300-1.webp 511w, https:\/\/schaefer-scientific.com\/wp-content\/uploads\/2025\/08\/AmbientSTM300-1-300x300.webp 300w, https:\/\/schaefer-scientific.com\/wp-content\/uploads\/2025\/08\/AmbientSTM300-1-150x150.webp 150w\" sizes=\"(max-width: 511px) 100vw, 511px\" \/><figcaption class=\"wp-element-caption\"><em>Bild mit freundlicher Genehmigung von Prof. Dr. Ulrich Ziener, Universit\u00e4t Ulm, DOI:<a href=\"https:\/\/onlinelibrary.wiley.com\/doi\/10.1002\/anie.202117580\" target=\"_blank\" rel=\"noreferrer noopener\">10.1002\/anie.202117580<\/a><\/em><\/figcaption><\/figure>\n<\/div>\n\n\n\n<div class=\"wp-block-column is-layout-flow wp-block-column-is-layout-flow\">\n<figure class=\"wp-block-image size-full is-resized\"><img decoding=\"async\" width=\"511\" height=\"511\" src=\"https:\/\/schaefer-scientific.com\/wp-content\/uploads\/2025\/08\/STM300-UniChemnitz.webp\" alt=\"\" class=\"wp-image-13647\" style=\"object-fit:contain;width:500px;height:400px\" srcset=\"https:\/\/schaefer-scientific.com\/wp-content\/uploads\/2025\/08\/STM300-UniChemnitz.webp 511w, https:\/\/schaefer-scientific.com\/wp-content\/uploads\/2025\/08\/STM300-UniChemnitz-300x300.webp 300w, https:\/\/schaefer-scientific.com\/wp-content\/uploads\/2025\/08\/STM300-UniChemnitz-150x150.webp 150w\" sizes=\"(max-width: 511px) 100vw, 511px\" \/><figcaption class=\"wp-element-caption\"><em>Bild mit freundlicher Genehmigung von Prof. Dr. Christoph Tegenkamp, TU Chemnitz, DOI:<a href=\"http:\/\/pubs.acs.org\/doi\/10.1021\/acs.jpcc.8b10620\" target=\"_blank\" rel=\"noreferrer noopener\">10.1021\/acs.jpcc.8b10620<\/a><\/em><\/figcaption><\/figure>\n<\/div>\n<\/div>\n<\/div>\n<\/div>\n\n\n\n<div class=\"wp-block-columns is-layout-flex wp-container-core-columns-is-layout-28f84493 wp-block-columns-is-layout-flex\">\n<div class=\"wp-block-column is-layout-flow wp-block-column-is-layout-flow\"><\/div>\n\n\n\n<div class=\"wp-block-column is-layout-flow wp-block-column-is-layout-flow\"><\/div>\n<\/div>","protected":false},"featured_media":13546,"template":"","meta":{"_acf_changed":false},"application":[70],"manufacturer":[73],"product-category":[6],"class_list":["post-13491","product","type-product","status-publish","has-post-thumbnail","hentry","application-uhv-afm-stm","manufacturer-rhk-technology","product-category-scanning-probe-microscopy"],"acf":[],"yoast_head":"<!-- This site is optimized with the Yoast SEO plugin v27.4 - https:\/\/yoast.com\/product\/yoast-seo-wordpress\/ -->\n<title>Solid-Liquid STM - Schaefer Scientific<\/title>\n<meta name=\"robots\" content=\"index, follow, max-snippet:-1, max-image-preview:large, max-video-preview:-1\" \/>\n<link rel=\"canonical\" href=\"https:\/\/schaefer-scientific.com\/de\/produkt\/fest-flussig-stm\/\" \/>\n<meta property=\"og:locale\" content=\"de_DE\" \/>\n<meta property=\"og:type\" content=\"article\" \/>\n<meta property=\"og:title\" content=\"Solid-Liquid STM - Schaefer Scientific\" \/>\n<meta property=\"og:description\" content=\"ATM 300\/350 RHK\u2019s Beetle Ambient Systems combine high performance and affordability for benchtop, glovebox, or future HV\/UHV use. Fully UHV compatible and upgradeable, they come in dedicated STM or Beam-Deflection AFM\/STM models. Featuring the thermally stable Beetle scanner for drift-free imaging, open optical access, a convenient Lexan enclosure, and UHV-grade materials, these systems are controlled [&hellip;]\" \/>\n<meta property=\"og:url\" content=\"https:\/\/schaefer-scientific.com\/de\/produkt\/fest-flussig-stm\/\" \/>\n<meta property=\"og:site_name\" content=\"Schaefer Scientific\" \/>\n<meta property=\"article:modified_time\" content=\"2025-08-12T12:40:16+00:00\" \/>\n<meta property=\"og:image\" content=\"https:\/\/schaefer-scientific.com\/wp-content\/uploads\/2025\/08\/20250806_1219521.webp\" \/>\n\t<meta property=\"og:image:width\" content=\"1000\" \/>\n\t<meta property=\"og:image:height\" content=\"1473\" \/>\n\t<meta property=\"og:image:type\" content=\"image\/webp\" \/>\n<meta name=\"twitter:card\" content=\"summary_large_image\" \/>\n<meta name=\"twitter:label1\" content=\"Gesch\u00e4tzte Lesezeit\" \/>\n\t<meta name=\"twitter:data1\" content=\"2\u00a0Minuten\" \/>\n<script type=\"application\/ld+json\" class=\"yoast-schema-graph\">{\"@context\":\"https:\\\/\\\/schema.org\",\"@graph\":[{\"@type\":\"WebPage\",\"@id\":\"https:\\\/\\\/schaefer-scientific.com\\\/product\\\/solid-liquid-stm\",\"url\":\"https:\\\/\\\/schaefer-scientific.com\\\/product\\\/solid-liquid-stm\",\"name\":\"Solid-Liquid STM - Schaefer Scientific\",\"isPartOf\":{\"@id\":\"https:\\\/\\\/schaefer-scientific.com\\\/#website\"},\"primaryImageOfPage\":{\"@id\":\"https:\\\/\\\/schaefer-scientific.com\\\/product\\\/solid-liquid-stm#primaryimage\"},\"image\":{\"@id\":\"https:\\\/\\\/schaefer-scientific.com\\\/product\\\/solid-liquid-stm#primaryimage\"},\"thumbnailUrl\":\"https:\\\/\\\/schaefer-scientific.com\\\/wp-content\\\/uploads\\\/2025\\\/08\\\/20250806_1219521.webp\",\"datePublished\":\"2025-08-06T09:24:42+00:00\",\"dateModified\":\"2025-08-12T12:40:16+00:00\",\"breadcrumb\":{\"@id\":\"https:\\\/\\\/schaefer-scientific.com\\\/product\\\/solid-liquid-stm#breadcrumb\"},\"inLanguage\":\"de\",\"potentialAction\":[{\"@type\":\"ReadAction\",\"target\":[\"https:\\\/\\\/schaefer-scientific.com\\\/product\\\/solid-liquid-stm\"]}]},{\"@type\":\"ImageObject\",\"inLanguage\":\"de\",\"@id\":\"https:\\\/\\\/schaefer-scientific.com\\\/product\\\/solid-liquid-stm#primaryimage\",\"url\":\"https:\\\/\\\/schaefer-scientific.com\\\/wp-content\\\/uploads\\\/2025\\\/08\\\/20250806_1219521.webp\",\"contentUrl\":\"https:\\\/\\\/schaefer-scientific.com\\\/wp-content\\\/uploads\\\/2025\\\/08\\\/20250806_1219521.webp\",\"width\":1000,\"height\":1473},{\"@type\":\"BreadcrumbList\",\"@id\":\"https:\\\/\\\/schaefer-scientific.com\\\/product\\\/solid-liquid-stm#breadcrumb\",\"itemListElement\":[{\"@type\":\"ListItem\",\"position\":1,\"name\":\"Home\",\"item\":\"https:\\\/\\\/schaefer-scientific.com\\\/\"},{\"@type\":\"ListItem\",\"position\":2,\"name\":\"Solid-Liquid STM\"}]},{\"@type\":\"WebSite\",\"@id\":\"https:\\\/\\\/schaefer-scientific.com\\\/#website\",\"url\":\"https:\\\/\\\/schaefer-scientific.com\\\/\",\"name\":\"Schaefer Scientific\",\"description\":\"\",\"publisher\":{\"@id\":\"https:\\\/\\\/schaefer-scientific.com\\\/#organization\"},\"potentialAction\":[{\"@type\":\"SearchAction\",\"target\":{\"@type\":\"EntryPoint\",\"urlTemplate\":\"https:\\\/\\\/schaefer-scientific.com\\\/?s={search_term_string}\"},\"query-input\":{\"@type\":\"PropertyValueSpecification\",\"valueRequired\":true,\"valueName\":\"search_term_string\"}}],\"inLanguage\":\"de\"},{\"@type\":\"Organization\",\"@id\":\"https:\\\/\\\/schaefer-scientific.com\\\/#organization\",\"name\":\"Schaefer Scientific\",\"url\":\"https:\\\/\\\/schaefer-scientific.com\\\/\",\"logo\":{\"@type\":\"ImageObject\",\"inLanguage\":\"de\",\"@id\":\"https:\\\/\\\/schaefer-scientific.com\\\/#\\\/schema\\\/logo\\\/image\\\/\",\"url\":\"https:\\\/\\\/schaefer-scientific.com\\\/wp-content\\\/uploads\\\/2025\\\/06\\\/Schaefer-Scientific-logo.webp\",\"contentUrl\":\"https:\\\/\\\/schaefer-scientific.com\\\/wp-content\\\/uploads\\\/2025\\\/06\\\/Schaefer-Scientific-logo.webp\",\"width\":1177,\"height\":97,\"caption\":\"Schaefer Scientific\"},\"image\":{\"@id\":\"https:\\\/\\\/schaefer-scientific.com\\\/#\\\/schema\\\/logo\\\/image\\\/\"}}]}<\/script>\n<!-- \/ Yoast SEO plugin. -->","yoast_head_json":{"title":"Fest-Fl\u00fcssig STM - Schaefer Scientific","robots":{"index":"index","follow":"follow","max-snippet":"max-snippet:-1","max-image-preview":"max-image-preview:large","max-video-preview":"max-video-preview:-1"},"canonical":"https:\/\/schaefer-scientific.com\/de\/produkt\/fest-flussig-stm\/","og_locale":"de_DE","og_type":"article","og_title":"Solid-Liquid STM - Schaefer Scientific","og_description":"ATM 300\/350 RHK\u2019s Beetle Ambient Systems combine high performance and affordability for benchtop, glovebox, or future HV\/UHV use. Fully UHV compatible and upgradeable, they come in dedicated STM or Beam-Deflection AFM\/STM models. Featuring the thermally stable Beetle scanner for drift-free imaging, open optical access, a convenient Lexan enclosure, and UHV-grade materials, these systems are controlled [&hellip;]","og_url":"https:\/\/schaefer-scientific.com\/de\/produkt\/fest-flussig-stm\/","og_site_name":"Schaefer Scientific","article_modified_time":"2025-08-12T12:40:16+00:00","og_image":[{"width":1000,"height":1473,"url":"https:\/\/schaefer-scientific.com\/wp-content\/uploads\/2025\/08\/20250806_1219521.webp","type":"image\/webp"}],"twitter_card":"summary_large_image","twitter_misc":{"Gesch\u00e4tzte Lesezeit":"2\u00a0Minuten"},"schema":{"@context":"https:\/\/schema.org","@graph":[{"@type":"WebPage","@id":"https:\/\/schaefer-scientific.com\/product\/solid-liquid-stm","url":"https:\/\/schaefer-scientific.com\/product\/solid-liquid-stm","name":"Fest-Fl\u00fcssig STM - Schaefer Scientific","isPartOf":{"@id":"https:\/\/schaefer-scientific.com\/#website"},"primaryImageOfPage":{"@id":"https:\/\/schaefer-scientific.com\/product\/solid-liquid-stm#primaryimage"},"image":{"@id":"https:\/\/schaefer-scientific.com\/product\/solid-liquid-stm#primaryimage"},"thumbnailUrl":"https:\/\/schaefer-scientific.com\/wp-content\/uploads\/2025\/08\/20250806_1219521.webp","datePublished":"2025-08-06T09:24:42+00:00","dateModified":"2025-08-12T12:40:16+00:00","breadcrumb":{"@id":"https:\/\/schaefer-scientific.com\/product\/solid-liquid-stm#breadcrumb"},"inLanguage":"de","potentialAction":[{"@type":"ReadAction","target":["https:\/\/schaefer-scientific.com\/product\/solid-liquid-stm"]}]},{"@type":"ImageObject","inLanguage":"de","@id":"https:\/\/schaefer-scientific.com\/product\/solid-liquid-stm#primaryimage","url":"https:\/\/schaefer-scientific.com\/wp-content\/uploads\/2025\/08\/20250806_1219521.webp","contentUrl":"https:\/\/schaefer-scientific.com\/wp-content\/uploads\/2025\/08\/20250806_1219521.webp","width":1000,"height":1473},{"@type":"BreadcrumbList","@id":"https:\/\/schaefer-scientific.com\/product\/solid-liquid-stm#breadcrumb","itemListElement":[{"@type":"ListItem","position":1,"name":"Home","item":"https:\/\/schaefer-scientific.com\/"},{"@type":"ListItem","position":2,"name":"Solid-Liquid STM"}]},{"@type":"WebSite","@id":"https:\/\/schaefer-scientific.com\/#website","url":"https:\/\/schaefer-scientific.com\/","name":"Schaefer Scientific","description":"","publisher":{"@id":"https:\/\/schaefer-scientific.com\/#organization"},"potentialAction":[{"@type":"SearchAction","target":{"@type":"EntryPoint","urlTemplate":"https:\/\/schaefer-scientific.com\/?s={search_term_string}"},"query-input":{"@type":"PropertyValueSpecification","valueRequired":true,"valueName":"search_term_string"}}],"inLanguage":"de"},{"@type":"Organization","@id":"https:\/\/schaefer-scientific.com\/#organization","name":"Schaefer Scientific","url":"https:\/\/schaefer-scientific.com\/","logo":{"@type":"ImageObject","inLanguage":"de","@id":"https:\/\/schaefer-scientific.com\/#\/schema\/logo\/image\/","url":"https:\/\/schaefer-scientific.com\/wp-content\/uploads\/2025\/06\/Schaefer-Scientific-logo.webp","contentUrl":"https:\/\/schaefer-scientific.com\/wp-content\/uploads\/2025\/06\/Schaefer-Scientific-logo.webp","width":1177,"height":97,"caption":"Schaefer Scientific"},"image":{"@id":"https:\/\/schaefer-scientific.com\/#\/schema\/logo\/image\/"}}]}},"_links":{"self":[{"href":"https:\/\/schaefer-scientific.com\/de\/wp-json\/wp\/v2\/product\/13491","targetHints":{"allow":["GET"]}}],"collection":[{"href":"https:\/\/schaefer-scientific.com\/de\/wp-json\/wp\/v2\/product"}],"about":[{"href":"https:\/\/schaefer-scientific.com\/de\/wp-json\/wp\/v2\/types\/product"}],"wp:featuredmedia":[{"embeddable":true,"href":"https:\/\/schaefer-scientific.com\/de\/wp-json\/wp\/v2\/media\/13546"}],"wp:attachment":[{"href":"https:\/\/schaefer-scientific.com\/de\/wp-json\/wp\/v2\/media?parent=13491"}],"wp:term":[{"taxonomy":"application","embeddable":true,"href":"https:\/\/schaefer-scientific.com\/de\/wp-json\/wp\/v2\/application?post=13491"},{"taxonomy":"manufacturer","embeddable":true,"href":"https:\/\/schaefer-scientific.com\/de\/wp-json\/wp\/v2\/manufacturer?post=13491"},{"taxonomy":"product-category","embeddable":true,"href":"https:\/\/schaefer-scientific.com\/de\/wp-json\/wp\/v2\/product-category?post=13491"}],"curies":[{"name":"wp","href":"https:\/\/api.w.org\/{rel}","templated":true}]}}