{"id":561,"date":"2025-06-26T14:15:07","date_gmt":"2025-06-26T12:15:07","guid":{"rendered":"https:\/\/schaefer-scientific.com\/?post_type=product&#038;p=561"},"modified":"2025-08-07T10:21:23","modified_gmt":"2025-08-07T08:21:23","slug":"nanopositionneurs-cryo-xyz","status":"publish","type":"product","link":"https:\/\/schaefer-scientific.com\/fr\/product\/cryo-xyz-nanopositioners","title":{"rendered":"Nanopositionneurs et scanners cryog\u00e9niques"},"content":{"rendered":"<div class=\"wp-block-columns block_text is-layout-flex wp-container-core-columns-is-layout-28f84493 wp-block-columns-is-layout-flex\">\n<div class=\"wp-block-column is-layout-flow wp-block-column-is-layout-flow\">\n<h2 class=\"wp-block-heading\">Caract\u00e9ristiques du produit<\/h2>\n\n\n\n<ul class=\"wp-block-list\">\n<li>UHV et amagn\u00e9tique par d\u00e9faut, pas de lubrifiant<\/li>\n\n\n\n<li>Dissipation minimale de la hauteur de chute<\/li>\n\n\n\n<li>Haute pr\u00e9cision en boucle ferm\u00e9e<\/li>\n\n\n\n<li>Actionneurs rempla\u00e7ables par l'utilisateur<\/li>\n<\/ul>\n<\/div>\n<\/div>\n\n\n\n<div class=\"wp-block-columns block_image-text is-layout-flex wp-container-core-columns-is-layout-28f84493 wp-block-columns-is-layout-flex\">\n<div class=\"wp-block-column is-layout-flow wp-block-column-is-layout-flow\">\n<h2 class=\"wp-block-heading\">Nanopositionneurs Cryo-XYZ innovants<\/h2>\n\n\n\n<p><strong>Renaissance Scientic est une jeune entreprise<\/strong>&nbsp;de Boulder\/CO (\u00c9tats-Unis), qui produit des microscopes cryog\u00e9niques \u00e0 balayage de force (AFM) dot\u00e9s de fonctionnalit\u00e9s avanc\u00e9es uniques, bas\u00e9es sur des nanopositionneurs xyz cryog\u00e9niques ou des scanners de haute pr\u00e9cision et \u00e0 tr\u00e8s faible dissipation thermique. Les moteurs Ren-Sci ont \u00e9t\u00e9 con\u00e7us pour avoir une capacit\u00e9 beaucoup plus faible que les solutions conventionnelles pour les moteurs cryog\u00e9niques.<\/p>\n\n\n\n<p>Les moteurs cryog\u00e9niques sont&nbsp;<strong>Compatible UHV 1.0\u00d710<sup>-11<\/sup>&nbsp;mbar<\/strong>, amagn\u00e9tique par d\u00e9faut (moins de<strong>&nbsp;10nT auto-magn\u00e9tisation<\/strong>), ont&nbsp;<strong>tr\u00e8s faibles capacit\u00e9s, jusqu'\u00e0 1 nF \u00e0 4K<\/strong>&nbsp;en (X,Y), ainsi que jusqu'\u00e0 3nF en (Z). Les actionneurs sont rempla\u00e7ables par l'utilisateur et disponibles dans de nombreuses tailles diff\u00e9rentes.<\/p>\n<\/div>\n\n\n\n<div class=\"wp-block-column is-layout-flow wp-block-column-is-layout-flow\">\n<figure class=\"wp-block-image size-large\"><img fetchpriority=\"high\" decoding=\"async\" width=\"1024\" height=\"379\" src=\"https:\/\/schaefer-scientific.com\/wp-content\/uploads\/2025\/06\/1-1-1024x379.png\" alt=\"\" class=\"wp-image-883\" srcset=\"https:\/\/schaefer-scientific.com\/wp-content\/uploads\/2025\/06\/1-1-1024x379.png 1024w, https:\/\/schaefer-scientific.com\/wp-content\/uploads\/2025\/06\/1-1-300x111.png 300w, https:\/\/schaefer-scientific.com\/wp-content\/uploads\/2025\/06\/1-1-768x284.png 768w, https:\/\/schaefer-scientific.com\/wp-content\/uploads\/2025\/06\/1-1.png 1295w\" sizes=\"(max-width: 1024px) 100vw, 1024px\" \/><\/figure>\n\n\n\n<figure class=\"wp-block-gallery has-nested-images columns-default is-cropped wp-block-gallery-1 is-layout-flex wp-block-gallery-is-layout-flex\">\n<figure class=\"wp-block-image size-large\"><img decoding=\"async\" width=\"800\" height=\"523\" data-id=\"884\" src=\"https:\/\/schaefer-scientific.com\/wp-content\/uploads\/2025\/06\/rensci13.png\" alt=\"\" class=\"wp-image-884\" srcset=\"https:\/\/schaefer-scientific.com\/wp-content\/uploads\/2025\/06\/rensci13.png 800w, https:\/\/schaefer-scientific.com\/wp-content\/uploads\/2025\/06\/rensci13-300x196.png 300w, https:\/\/schaefer-scientific.com\/wp-content\/uploads\/2025\/06\/rensci13-768x502.png 768w\" sizes=\"(max-width: 800px) 100vw, 800px\" \/><\/figure>\n<\/figure>\n<\/div>\n<\/div>\n\n\n\n<div class=\"wp-block-columns block_text is-layout-flex wp-container-core-columns-is-layout-28f84493 wp-block-columns-is-layout-flex\">\n<div class=\"wp-block-column is-layout-flow wp-block-column-is-layout-flow\">\n<h2 class=\"wp-block-heading\">FAIBLES COURANTS - TENSIONS PLUS \u00c9LEV\u00c9ES<\/h2>\n\n\n\n<p>Comparez un&nbsp;<strong>vendeur<\/strong>&nbsp;sc\u00e9nario, 60 V, 1 kHz, 5 uF, donc la puissance pomp\u00e9e dans ce condensateur est CV^2\/2 fois la fr\u00e9quence, soit ~ 9W. La valeur analogue de&nbsp;<strong>pour nos moteurs est de 200 V, 1 kHz, 5 nF, soit 0,1 W<\/strong>et utilise donc 90x moins d'\u00e9nergie pour obtenir le m\u00eame mouvement (et donc&nbsp;<strong>90x moins de dissipation de chaleur).<\/strong><\/p>\n\n\n\n<div class=\"wp-block-columns are-vertically-aligned-top is-layout-flex wp-container-core-columns-is-layout-28f84493 wp-block-columns-is-layout-flex\">\n<div class=\"wp-block-column is-vertically-aligned-top is-layout-flow wp-block-column-is-layout-flow\">\n<h3 class=\"wp-block-heading has-text-align-center\">NP240<\/h3>\n\n\n\n<figure class=\"wp-block-image size-full is-resized\"><img decoding=\"async\" width=\"218\" height=\"258\" src=\"https:\/\/schaefer-scientific.com\/wp-content\/uploads\/2025\/06\/NP240.png\" alt=\"\" class=\"wp-image-899\" style=\"object-fit:contain;width:300px;height:200px\"\/><\/figure>\n\n\n\n<ul class=\"wp-block-list\">\n<li>Empreinte au sol : 24x24x44 mm<sup>3<\/sup><\/li>\n\n\n\n<li>Gamme : 5x5x5 mm<sup>3<\/sup><\/li>\n<\/ul>\n<\/div>\n\n\n\n<div class=\"wp-block-column is-vertically-aligned-top is-layout-flow wp-block-column-is-layout-flow\">\n<h3 class=\"wp-block-heading has-text-align-center\">NP340<\/h3>\n\n\n\n<figure class=\"wp-block-image size-full is-resized\"><img loading=\"lazy\" decoding=\"async\" width=\"218\" height=\"257\" src=\"https:\/\/schaefer-scientific.com\/wp-content\/uploads\/2025\/06\/NP340.png\" alt=\"\" class=\"wp-image-900\" style=\"object-fit:contain;width:300px;height:200px\"\/><\/figure>\n\n\n\n<ul class=\"wp-block-list\">\n<li>Empreinte au sol : 34x34x66 mm<sup>3<\/sup><\/li>\n\n\n\n<li>Gamme : 15x15x10 mm<sup>3<\/sup><\/li>\n<\/ul>\n<\/div>\n\n\n\n<div class=\"wp-block-column is-vertically-aligned-top is-layout-flow wp-block-column-is-layout-flow\">\n<h3 class=\"wp-block-heading has-text-align-center\">NP450<\/h3>\n\n\n\n<figure class=\"wp-block-image size-full is-resized\"><img loading=\"lazy\" decoding=\"async\" width=\"302\" height=\"257\" src=\"https:\/\/schaefer-scientific.com\/wp-content\/uploads\/2025\/06\/NP345.png\" alt=\"\" class=\"wp-image-901\" style=\"object-fit:contain;width:300px;height:200px\" srcset=\"https:\/\/schaefer-scientific.com\/wp-content\/uploads\/2025\/06\/NP345.png 302w, https:\/\/schaefer-scientific.com\/wp-content\/uploads\/2025\/06\/NP345-300x255.png 300w\" sizes=\"(max-width: 302px) 100vw, 302px\" \/><\/figure>\n\n\n\n<ul class=\"wp-block-list\">\n<li>Empreinte au sol : 45x45x44 mm<sup>3<\/sup><\/li>\n\n\n\n<li>Gamme : 20x20x5 mm<sup>3<\/sup><\/li>\n<\/ul>\n<\/div>\n<\/div>\n<\/div>\n<\/div>\n\n\n\n<div class=\"wp-block-columns block_image-text is-layout-flex wp-container-core-columns-is-layout-28f84493 wp-block-columns-is-layout-flex\">\n<div class=\"wp-block-column is-layout-flow wp-block-column-is-layout-flow\">\n<h2 class=\"wp-block-heading\">ACTIONNEURS REMPLA\u00c7ABLES PAR L'UTILISATEUR<\/h2>\n\n\n\n<p>Nous avons d\u00e9lib\u00e9r\u00e9ment con\u00e7u nos moteurs de mani\u00e8re \u00e0 ce que les actionneurs puissent \u00eatre remplac\u00e9s par l'utilisateur. Nous fournissons 2 actionneurs suppl\u00e9mentaires par axe.<\/p>\n<\/div>\n\n\n\n<div class=\"wp-block-column is-layout-flow wp-block-column-is-layout-flow\">\n<figure class=\"wp-block-image size-full\"><img loading=\"lazy\" decoding=\"async\" width=\"800\" height=\"523\" src=\"https:\/\/schaefer-scientific.com\/wp-content\/uploads\/2025\/06\/rensci13.png\" alt=\"\" class=\"wp-image-884\" srcset=\"https:\/\/schaefer-scientific.com\/wp-content\/uploads\/2025\/06\/rensci13.png 800w, https:\/\/schaefer-scientific.com\/wp-content\/uploads\/2025\/06\/rensci13-300x196.png 300w, https:\/\/schaefer-scientific.com\/wp-content\/uploads\/2025\/06\/rensci13-768x502.png 768w\" sizes=\"(max-width: 800px) 100vw, 800px\" \/><\/figure>\n<\/div>\n<\/div>\n\n\n\n<div class=\"wp-block-columns block_image-text is-layout-flex wp-container-core-columns-is-layout-28f84493 wp-block-columns-is-layout-flex\">\n<div class=\"wp-block-column is-layout-flow wp-block-column-is-layout-flow\">\n<figure class=\"wp-block-image size-full\"><img loading=\"lazy\" decoding=\"async\" width=\"800\" height=\"523\" src=\"https:\/\/schaefer-scientific.com\/wp-content\/uploads\/2025\/06\/rensci14.webp\" alt=\"\" class=\"wp-image-893\" srcset=\"https:\/\/schaefer-scientific.com\/wp-content\/uploads\/2025\/06\/rensci14.webp 800w, https:\/\/schaefer-scientific.com\/wp-content\/uploads\/2025\/06\/rensci14-300x196.webp 300w, https:\/\/schaefer-scientific.com\/wp-content\/uploads\/2025\/06\/rensci14-768x502.webp 768w\" sizes=\"(max-width: 800px) 100vw, 800px\" \/><\/figure>\n<\/div>\n\n\n\n<div class=\"wp-block-column is-layout-flow wp-block-column-is-layout-flow\">\n<h2 class=\"wp-block-heading\">UHV ET NON-MAGN\u00c9TIQUE PAR D\u00c9FAUT<\/h2>\n\n\n\n<p>Tous les moteurs Ren-Sci sont compatibles UHV, peuvent \u00eatre cuits \u00e0 120 \u00b0C et sont fabriqu\u00e9s avec des mat\u00e9riaux non magn\u00e9tiques. En outre, nous avons int\u00e9gr\u00e9 tous ces composants UHV et non magn\u00e9tiques dans notre production, de sorte qu'il n'y a pas de \"surco\u00fbt\" pour avoir ces caract\u00e9ristiques. Aucun lubrifiant n'est utilis\u00e9, qu'il soit \u00e0 l'\u00e9tat solide ou non. Au contraire, nous utilisons des surfaces polies au diamant et une pr\u00e9cision extr\u00eamement \u00e9lev\u00e9e sur nos pi\u00e8ces usin\u00e9es (parall\u00e9lisme inf\u00e9rieur \u00e0 2um sur chaque pi\u00e8ce), de sorte qu'il n'est pas n\u00e9cessaire d'utiliser des lubrifiants.<\/p>\n<\/div>\n<\/div>","protected":false},"featured_media":562,"template":"","meta":{"_acf_changed":true},"application":[9],"manufacturer":[13],"product-category":[6],"class_list":["post-561","product","type-product","status-publish","has-post-thumbnail","hentry","application-cryogenic-equipment","manufacturer-renaissance-scientific","product-category-scanning-probe-microscopy"],"acf":[],"yoast_head":"<!-- This site is optimized with the Yoast SEO plugin v27.5 - https:\/\/yoast.com\/product\/yoast-seo-wordpress\/ -->\n<title>Cryo Nanopositioners and Scanners - Schaefer Scientific<\/title>\n<meta name=\"robots\" content=\"index, follow, max-snippet:-1, max-image-preview:large, max-video-preview:-1\" \/>\n<link rel=\"canonical\" href=\"https:\/\/schaefer-scientific.com\/fr\/produit\/nanopositionneurs-cryo-xyz\/\" \/>\n<meta property=\"og:locale\" content=\"fr_FR\" \/>\n<meta property=\"og:type\" content=\"article\" \/>\n<meta property=\"og:title\" content=\"Cryo Nanopositioners and Scanners - Schaefer Scientific\" \/>\n<meta property=\"og:description\" content=\"Product Features Innovative Cryo-XYZ Nanopositioners Renaissance Scientic is a young company&nbsp;from Boulder\/CO (USA), producing Cryogenic Scanning Force Microscopes (AFMs) with unique advanced funcionalities, based on Cryogenic xyz-Nanopositioners or scanners with high precision and very low heat dissipation. The Ren-Sci motors were designed to have much lower capacitance than conventional solutions for cryogenic motors. The cryogenic [&hellip;]\" \/>\n<meta property=\"og:url\" content=\"https:\/\/schaefer-scientific.com\/fr\/produit\/nanopositionneurs-cryo-xyz\/\" \/>\n<meta property=\"og:site_name\" content=\"Schaefer Scientific\" \/>\n<meta property=\"article:modified_time\" content=\"2025-08-07T08:21:23+00:00\" \/>\n<meta property=\"og:image\" content=\"https:\/\/schaefer-scientific.com\/wp-content\/uploads\/2025\/06\/RenSci1-3.webp\" \/>\n\t<meta property=\"og:image:width\" content=\"693\" \/>\n\t<meta property=\"og:image:height\" content=\"910\" \/>\n\t<meta property=\"og:image:type\" content=\"image\/webp\" \/>\n<meta name=\"twitter:card\" content=\"summary_large_image\" \/>\n<meta name=\"twitter:label1\" content=\"Dur\u00e9e de lecture estim\u00e9e\" \/>\n\t<meta name=\"twitter:data1\" content=\"1 minute\" \/>\n<script type=\"application\/ld+json\" class=\"yoast-schema-graph\">{\"@context\":\"https:\\\/\\\/schema.org\",\"@graph\":[{\"@type\":\"WebPage\",\"@id\":\"https:\\\/\\\/schaefer-scientific.com\\\/product\\\/cryo-xyz-nanopositioners\",\"url\":\"https:\\\/\\\/schaefer-scientific.com\\\/product\\\/cryo-xyz-nanopositioners\",\"name\":\"Cryo Nanopositioners and Scanners - Schaefer Scientific\",\"isPartOf\":{\"@id\":\"https:\\\/\\\/schaefer-scientific.com\\\/#website\"},\"primaryImageOfPage\":{\"@id\":\"https:\\\/\\\/schaefer-scientific.com\\\/product\\\/cryo-xyz-nanopositioners#primaryimage\"},\"image\":{\"@id\":\"https:\\\/\\\/schaefer-scientific.com\\\/product\\\/cryo-xyz-nanopositioners#primaryimage\"},\"thumbnailUrl\":\"https:\\\/\\\/schaefer-scientific.com\\\/wp-content\\\/uploads\\\/2025\\\/06\\\/RenSci1-3.webp\",\"datePublished\":\"2025-06-26T12:15:07+00:00\",\"dateModified\":\"2025-08-07T08:21:23+00:00\",\"breadcrumb\":{\"@id\":\"https:\\\/\\\/schaefer-scientific.com\\\/product\\\/cryo-xyz-nanopositioners#breadcrumb\"},\"inLanguage\":\"fr-FR\",\"potentialAction\":[{\"@type\":\"ReadAction\",\"target\":[\"https:\\\/\\\/schaefer-scientific.com\\\/product\\\/cryo-xyz-nanopositioners\"]}]},{\"@type\":\"ImageObject\",\"inLanguage\":\"fr-FR\",\"@id\":\"https:\\\/\\\/schaefer-scientific.com\\\/product\\\/cryo-xyz-nanopositioners#primaryimage\",\"url\":\"https:\\\/\\\/schaefer-scientific.com\\\/wp-content\\\/uploads\\\/2025\\\/06\\\/RenSci1-3.webp\",\"contentUrl\":\"https:\\\/\\\/schaefer-scientific.com\\\/wp-content\\\/uploads\\\/2025\\\/06\\\/RenSci1-3.webp\",\"width\":693,\"height\":910},{\"@type\":\"BreadcrumbList\",\"@id\":\"https:\\\/\\\/schaefer-scientific.com\\\/product\\\/cryo-xyz-nanopositioners#breadcrumb\",\"itemListElement\":[{\"@type\":\"ListItem\",\"position\":1,\"name\":\"Home\",\"item\":\"https:\\\/\\\/schaefer-scientific.com\\\/\"},{\"@type\":\"ListItem\",\"position\":2,\"name\":\"Cryo Nanopositioners and Scanners\"}]},{\"@type\":\"WebSite\",\"@id\":\"https:\\\/\\\/schaefer-scientific.com\\\/#website\",\"url\":\"https:\\\/\\\/schaefer-scientific.com\\\/\",\"name\":\"Schaefer Scientific\",\"description\":\"\",\"publisher\":{\"@id\":\"https:\\\/\\\/schaefer-scientific.com\\\/#organization\"},\"potentialAction\":[{\"@type\":\"SearchAction\",\"target\":{\"@type\":\"EntryPoint\",\"urlTemplate\":\"https:\\\/\\\/schaefer-scientific.com\\\/?s={search_term_string}\"},\"query-input\":{\"@type\":\"PropertyValueSpecification\",\"valueRequired\":true,\"valueName\":\"search_term_string\"}}],\"inLanguage\":\"fr-FR\"},{\"@type\":\"Organization\",\"@id\":\"https:\\\/\\\/schaefer-scientific.com\\\/#organization\",\"name\":\"Schaefer Scientific\",\"url\":\"https:\\\/\\\/schaefer-scientific.com\\\/\",\"logo\":{\"@type\":\"ImageObject\",\"inLanguage\":\"fr-FR\",\"@id\":\"https:\\\/\\\/schaefer-scientific.com\\\/#\\\/schema\\\/logo\\\/image\\\/\",\"url\":\"https:\\\/\\\/schaefer-scientific.com\\\/wp-content\\\/uploads\\\/2025\\\/06\\\/Schaefer-Scientific-logo.webp\",\"contentUrl\":\"https:\\\/\\\/schaefer-scientific.com\\\/wp-content\\\/uploads\\\/2025\\\/06\\\/Schaefer-Scientific-logo.webp\",\"width\":1177,\"height\":97,\"caption\":\"Schaefer Scientific\"},\"image\":{\"@id\":\"https:\\\/\\\/schaefer-scientific.com\\\/#\\\/schema\\\/logo\\\/image\\\/\"}}]}<\/script>\n<!-- \/ Yoast SEO plugin. -->","yoast_head_json":{"title":"Nanopositionneurs et scanners cryog\u00e9niques - Schaefer Scientific","robots":{"index":"index","follow":"follow","max-snippet":"max-snippet:-1","max-image-preview":"max-image-preview:large","max-video-preview":"max-video-preview:-1"},"canonical":"https:\/\/schaefer-scientific.com\/fr\/produit\/nanopositionneurs-cryo-xyz\/","og_locale":"fr_FR","og_type":"article","og_title":"Cryo Nanopositioners and Scanners - Schaefer Scientific","og_description":"Product Features Innovative Cryo-XYZ Nanopositioners Renaissance Scientic is a young company&nbsp;from Boulder\/CO (USA), producing Cryogenic Scanning Force Microscopes (AFMs) with unique advanced funcionalities, based on Cryogenic xyz-Nanopositioners or scanners with high precision and very low heat dissipation. The Ren-Sci motors were designed to have much lower capacitance than conventional solutions for cryogenic motors. The cryogenic [&hellip;]","og_url":"https:\/\/schaefer-scientific.com\/fr\/produit\/nanopositionneurs-cryo-xyz\/","og_site_name":"Schaefer Scientific","article_modified_time":"2025-08-07T08:21:23+00:00","og_image":[{"width":693,"height":910,"url":"https:\/\/schaefer-scientific.com\/wp-content\/uploads\/2025\/06\/RenSci1-3.webp","type":"image\/webp"}],"twitter_card":"summary_large_image","twitter_misc":{"Dur\u00e9e de lecture estim\u00e9e":"1 minute"},"schema":{"@context":"https:\/\/schema.org","@graph":[{"@type":"WebPage","@id":"https:\/\/schaefer-scientific.com\/product\/cryo-xyz-nanopositioners","url":"https:\/\/schaefer-scientific.com\/product\/cryo-xyz-nanopositioners","name":"Nanopositionneurs et scanners cryog\u00e9niques - Schaefer Scientific","isPartOf":{"@id":"https:\/\/schaefer-scientific.com\/#website"},"primaryImageOfPage":{"@id":"https:\/\/schaefer-scientific.com\/product\/cryo-xyz-nanopositioners#primaryimage"},"image":{"@id":"https:\/\/schaefer-scientific.com\/product\/cryo-xyz-nanopositioners#primaryimage"},"thumbnailUrl":"https:\/\/schaefer-scientific.com\/wp-content\/uploads\/2025\/06\/RenSci1-3.webp","datePublished":"2025-06-26T12:15:07+00:00","dateModified":"2025-08-07T08:21:23+00:00","breadcrumb":{"@id":"https:\/\/schaefer-scientific.com\/product\/cryo-xyz-nanopositioners#breadcrumb"},"inLanguage":"fr-FR","potentialAction":[{"@type":"ReadAction","target":["https:\/\/schaefer-scientific.com\/product\/cryo-xyz-nanopositioners"]}]},{"@type":"ImageObject","inLanguage":"fr-FR","@id":"https:\/\/schaefer-scientific.com\/product\/cryo-xyz-nanopositioners#primaryimage","url":"https:\/\/schaefer-scientific.com\/wp-content\/uploads\/2025\/06\/RenSci1-3.webp","contentUrl":"https:\/\/schaefer-scientific.com\/wp-content\/uploads\/2025\/06\/RenSci1-3.webp","width":693,"height":910},{"@type":"BreadcrumbList","@id":"https:\/\/schaefer-scientific.com\/product\/cryo-xyz-nanopositioners#breadcrumb","itemListElement":[{"@type":"ListItem","position":1,"name":"Home","item":"https:\/\/schaefer-scientific.com\/"},{"@type":"ListItem","position":2,"name":"Cryo Nanopositioners and Scanners"}]},{"@type":"WebSite","@id":"https:\/\/schaefer-scientific.com\/#website","url":"https:\/\/schaefer-scientific.com\/","name":"Schaefer Scientific","description":"","publisher":{"@id":"https:\/\/schaefer-scientific.com\/#organization"},"potentialAction":[{"@type":"SearchAction","target":{"@type":"EntryPoint","urlTemplate":"https:\/\/schaefer-scientific.com\/?s={search_term_string}"},"query-input":{"@type":"PropertyValueSpecification","valueRequired":true,"valueName":"search_term_string"}}],"inLanguage":"fr-FR"},{"@type":"Organization","@id":"https:\/\/schaefer-scientific.com\/#organization","name":"Schaefer Scientific","url":"https:\/\/schaefer-scientific.com\/","logo":{"@type":"ImageObject","inLanguage":"fr-FR","@id":"https:\/\/schaefer-scientific.com\/#\/schema\/logo\/image\/","url":"https:\/\/schaefer-scientific.com\/wp-content\/uploads\/2025\/06\/Schaefer-Scientific-logo.webp","contentUrl":"https:\/\/schaefer-scientific.com\/wp-content\/uploads\/2025\/06\/Schaefer-Scientific-logo.webp","width":1177,"height":97,"caption":"Schaefer Scientific"},"image":{"@id":"https:\/\/schaefer-scientific.com\/#\/schema\/logo\/image\/"}}]}},"_links":{"self":[{"href":"https:\/\/schaefer-scientific.com\/fr\/wp-json\/wp\/v2\/product\/561","targetHints":{"allow":["GET"]}}],"collection":[{"href":"https:\/\/schaefer-scientific.com\/fr\/wp-json\/wp\/v2\/product"}],"about":[{"href":"https:\/\/schaefer-scientific.com\/fr\/wp-json\/wp\/v2\/types\/product"}],"wp:featuredmedia":[{"embeddable":true,"href":"https:\/\/schaefer-scientific.com\/fr\/wp-json\/wp\/v2\/media\/562"}],"wp:attachment":[{"href":"https:\/\/schaefer-scientific.com\/fr\/wp-json\/wp\/v2\/media?parent=561"}],"wp:term":[{"taxonomy":"application","embeddable":true,"href":"https:\/\/schaefer-scientific.com\/fr\/wp-json\/wp\/v2\/application?post=561"},{"taxonomy":"manufacturer","embeddable":true,"href":"https:\/\/schaefer-scientific.com\/fr\/wp-json\/wp\/v2\/manufacturer?post=561"},{"taxonomy":"product-category","embeddable":true,"href":"https:\/\/schaefer-scientific.com\/fr\/wp-json\/wp\/v2\/product-category?post=561"}],"curies":[{"name":"wp","href":"https:\/\/api.w.org\/{rel}","templated":true}]}}